{"id":120,"date":"2020-05-04T13:43:37","date_gmt":"2020-05-04T17:43:37","guid":{"rendered":"http:\/\/pcgestion\/Corpo_WP\/en\/?page_id=120"},"modified":"2024-08-26T08:39:13","modified_gmt":"2024-08-26T12:39:13","slug":"presse-commerce-distribution","status":"publish","type":"page","link":"https:\/\/www.pressecommercecorp.com\/en\/presse-commerce-distribution\/","title":{"rendered":"Presse Commerce Distribution"},"content":{"rendered":"\r\n<div id=\"content\"><!-- Portfolio Widget ============================================= -->\r\n<section id=\"freesiaempire_portfolio_widget-3\" class=\"widget widget_portfolio clearfix\">\r\n<div class=\"portfolio-container clearfix\">\r\n<div class=\"four-column-full-width freesia-animation zoomIn\" style=\"visibility: visible; animation-delay: 0.3s; animation-name: zoomIn;\" data-wow-delay=\"0.3s\">\r\n<h2 class=\"widget-title\">PRESSE COMMERCE DISTRIBUTION<\/h2>\r\n<p class=\"widget-highlighted-sub-title wow fadeInUp\"><b>Presse Commerce Distribution<\/b> (formerly D&#8217;Artagnan Distribution) was formed in 2004 to enhance the range of toys offered in the Canadian market. The French brand Papo, with its figurines, entered the market through Presse Commerce Distribution and today is major player in the field.<\/p>\r\n<p class=\"widget-highlighted-sub-title wow fadeInUp\"><br \/>Customer satisfaction and a passion for our profession guide our actions on a daily basis in an effort to offer you the best service and products!<\/p>\r\n<\/div>\r\n<div class=\"four-column-full-width freesia-animation zoomIn\" style=\"visibility: visible; animation-name: zoomIn;\"><img loading=\"lazy\" decoding=\"async\" class=\"attachment-post-thumbnails size-post-thumbnails wp-post-image\" src=\"https:\/\/www.pressecommercecorp.com\/wp-content\/uploads\/LA-VIE-SAUVAGE-1.jpg\" sizes=\"auto, (max-width: 1280px) 100vw, 1280px\" srcset=\"https:\/\/www.pressecommercecorp.com\/wp-content\/uploads\/LA-VIE-SAUVAGE-1.jpg 1280w, https:\/\/www.pressecommercecorp.com\/wp-content\/uploads\/LA-VIE-SAUVAGE-1.jpg 300w, https:\/\/www.pressecommercecorp.com\/wp-content\/uploads\/LA-VIE-SAUVAGE-1.jpg 768w, https:\/\/www.pressecommercecorp.com\/wp-content\/uploads\/LA-VIE-SAUVAGE-1.jpg 1024w\" alt=\"\u00ab\u00a0Papo\u00a0\u00bb\" width=\"1280\" height=\"800\" \/>\r\n<div class=\"portfolio-content\">\r\n<h6><a class=\"more-link\" title=\"Papo\" href=\"https:\/\/www.pcdistribution.ca\/en\/3-papo\" target=\"_blank\" rel=\"noopener noreferrer\">PAPO<\/a><\/h6>\r\n<p style=\"color: #fff; font-size: 12px; line-height: normal;\">Depuis plus de 25 ans, Papo ne cesse d\u2019innover et de faire r\u00eaver les enfants du monde entier avec une gamme riche de plus de 600 r\u00e9f\u00e9rences repr\u00e9sentant 12 univers animaliers et personnages&#8230;<\/p>\r\n<p><a class=\"more-link\" title=\"\u00ab\u00a0Papo\u00a0\u00bb\" href=\"https:\/\/www.pcdistribution.ca\/en\/3-papo\" target=\"_blank\" rel=\"noopener noreferrer\"> Read more<\/a><\/p>\r\n<\/div>\r\n<!-- end .portfolio-content --><\/div>\r\n<!-- end .four-column-full-width -->\r\n<div class=\"four-column-full-width freesia-animation zoomIn\" style=\"visibility: visible; animation-name: zoomIn;\"><img loading=\"lazy\" decoding=\"async\" class=\"attachment-post-thumbnails wp-post-image alignnone\" src=\"https:\/\/www.pressecommercecorp.com\/wp-content\/uploads\/Papo2.jpg\" sizes=\"auto, (max-width: 1280px) 100vw, 1280px\" srcset=\"https:\/\/www.pressecommercecorp.com\/wp-content\/uploads\/Papo2.jpg 1280w, https:\/\/www.pressecommercecorp.com\/wp-content\/uploads\/Papo2.jpg 300w, https:\/\/www.pressecommercecorp.com\/wp-content\/uploads\/Papo2.jpg 768w, https:\/\/www.pressecommercecorp.com\/wp-content\/uploads\/Papo2.jpg 1024w\" alt=\"PAPO\" width=\"1280\" height=\"800\" \/>\r\n<div class=\"portfolio-content\">\r\n<h6><a class=\"more-link\" title=\"Papo\" href=\"https:\/\/www.pcdistribution.ca\/en\/3-papo\" target=\"_blank\" rel=\"noopener noreferrer\">PAPO<\/a><\/h6>\r\n<p style=\"color: #fff; font-size: 12px; line-height: normal;\">Depuis plus de 25 ans, Papo ne cesse d\u2019innover et de faire r\u00eaver les enfants du monde entier avec une gamme riche de plus de 600 r\u00e9f\u00e9rences repr\u00e9sentant 12 univers animaliers et personnages&#8230;<\/p>\r\n<p><a class=\"more-link\" title=\"\u00ab\u00a0Papo\u00a0\u00bb\" href=\"https:\/\/www.pcdistribution.ca\/en\/3-papo\" target=\"_blank\" rel=\"noopener noreferrer\"> Read more<\/a><\/p>\r\n<\/div>\r\n<!-- end .portfolio-content --><\/div>\r\n<!-- end .four-column-full-width -->\r\n<div class=\"four-column-full-width freesia-animation zoomIn\" style=\"visibility: visible; animation-name: zoomIn;\"><img loading=\"lazy\" decoding=\"async\" class=\"attachment-post-thumbnails size-post-thumbnails wp-post-image\" src=\"https:\/\/www.pressecommercecorp.com\/wp-content\/uploads\/Papo3.jpg\" sizes=\"auto, (max-width: 1280px) 100vw, 1280px\" srcset=\"https:\/\/www.pressecommercecorp.com\/wp-content\/uploads\/Papo3.jpg 1280w, https:\/\/www.pressecommercecorp.com\/wp-content\/uploads\/Papo3.jpg 300w, https:\/\/www.pressecommercecorp.com\/wp-content\/uploads\/Papo3.jpg 768w, https:\/\/www.pressecommercecorp.com\/wp-content\/uploads\/Papo3.jpg 1024w\" alt=\"LE TOY VAN\" width=\"1280\" height=\"800\" \/>\r\n<div class=\"portfolio-content\">\r\n<h6><a class=\"more-link\" title=\"Papo\" href=\"https:\/\/www.pcdistribution.ca\/en\/3-papo\" target=\"_blank\" rel=\"noopener noreferrer\">PAPO<\/a><\/h6>\r\n<p style=\"color: #fff; font-size: 12px; line-height: normal;\">Depuis plus de 25 ans, Papo ne cesse d\u2019innover et de faire r\u00eaver les enfants du monde entier avec une gamme riche de plus de 600 r\u00e9f\u00e9rences repr\u00e9sentant 12 univers animaliers et personnages&#8230;<\/p>\r\n<p><a class=\"more-link\" title=\"\u00ab\u00a0Papo\u00a0\u00bb\" href=\"https:\/\/www.pcdistribution.ca\/en\/3-papo\" target=\"_blank\" rel=\"noopener noreferrer\"> Read more<\/a><\/p>\r\n<\/div>\r\n<!-- end .portfolio-content --><\/div>\r\n<!-- end .four-column-full-width -->\r\n<div class=\"four-column-full-width freesia-animation zoomIn\" style=\"visibility: visible; animation-name: zoomIn;\"><img loading=\"lazy\" decoding=\"async\" class=\"attachment-post-thumbnails size-post-thumbnails wp-post-image\" src=\"https:\/\/www.pressecommercecorp.com\/wp-content\/uploads\/Papo4.jpg\" sizes=\"auto, (max-width: 1280px) 100vw, 1280px\" srcset=\"https:\/\/www.pressecommercecorp.com\/wp-content\/uploads\/Papo4.jpg 1280w, https:\/\/www.pressecommercecorp.com\/wp-content\/uploads\/Papo4.jpg 300w, https:\/\/www.pressecommercecorp.com\/wp-content\/uploads\/Papo4.jpg 768w, https:\/\/www.pressecommercecorp.com\/wp-content\/uploads\/Papo4.jpg 1024w\" alt=\"PAPO\" width=\"1280\" height=\"800\" \/>\r\n<div class=\"portfolio-content\">\r\n<h6><a class=\"more-link\" title=\"Papo\" href=\"https:\/\/www.pcdistribution.ca\/en\/3-papo\" target=\"_blank\" rel=\"noopener noreferrer\">PAPO<\/a><\/h6>\r\n<p style=\"color: #fff; font-size: 12px; line-height: normal;\">Depuis plus de 25 ans, Papo ne cesse d\u2019innover et de faire r\u00eaver les enfants du monde entier avec une gamme riche de plus de 600 r\u00e9f\u00e9rences repr\u00e9sentant 12 univers animaliers et personnages&#8230;<\/p>\r\n<p><a class=\"more-link\" title=\"\u00ab\u00a0Papo\u00a0\u00bb\" href=\"https:\/\/www.pcdistribution.ca\/en\/3-papo\" target=\"_blank\" rel=\"noopener noreferrer\"> Read more<\/a><\/p>\r\n<\/div>\r\n<!-- end .portfolio-content --><\/div>\r\n<!-- end .four-column-full-width -->\r\n<div class=\"four-column-full-width freesia-animation zoomIn\" style=\"visibility: visible; animation-name: zoomIn;\"><img loading=\"lazy\" decoding=\"async\" class=\"attachment-post-thumbnails size-post-thumbnails wp-post-image\" src=\"https:\/\/www.pressecommercecorp.com\/wp-content\/uploads\/Papo5.jpg\" sizes=\"auto, (max-width: 1280px) 100vw, 1280px\" srcset=\"https:\/\/www.pressecommercecorp.com\/wp-content\/uploads\/Papo5.jpg 1280w, https:\/\/www.pressecommercecorp.com\/wp-content\/uploads\/Papo5.jpg 300w, https:\/\/www.pressecommercecorp.com\/wp-content\/uploads\/Papo5.jpg 768w, https:\/\/www.pressecommercecorp.com\/wp-content\/uploads\/Papo5.jpg 1024w\" alt=\"PAPO\" width=\"1280\" height=\"800\" \/>\r\n<div class=\"portfolio-content\">\r\n<h6><a class=\"more-link\" title=\"Papo\" href=\"https:\/\/www.pcdistribution.ca\/en\/3-papo\" target=\"_blank\" rel=\"noopener noreferrer\">PAPO<\/a><\/h6>\r\n<p style=\"color: #fff; font-size: 12px; line-height: normal;\">Depuis plus de 25 ans, Papo ne cesse d\u2019innover et de faire r\u00eaver les enfants du monde entier avec une gamme riche de plus de 600 r\u00e9f\u00e9rences repr\u00e9sentant 12 univers animaliers et personnages&#8230;<\/p>\r\n<p><a class=\"more-link\" title=\"\u00ab\u00a0Papo\u00a0\u00bb\" href=\"https:\/\/www.pcdistribution.ca\/en\/3-papo\" target=\"_blank\" rel=\"noopener noreferrer\"> Read more<\/a><\/p>\r\n<\/div>\r\n<\/div>\r\n<!-- end .four-column-full-width -->\r\n<div class=\"four-column-full-width freesia-animation zoomIn\" style=\"visibility: visible; animation-name: zoomIn;\"><img loading=\"lazy\" decoding=\"async\" class=\"attachment-post-thumbnails size-post-thumbnails wp-post-image\" src=\"https:\/\/www.pressecommercecorp.com\/wp-content\/uploads\/Papo6.jpg\" sizes=\"auto, (max-width: 1280px) 100vw, 1280px\" srcset=\"https:\/\/www.pressecommercecorp.com\/wp-content\/uploads\/Papo6.jpg 1280w, https:\/\/www.pressecommercecorp.com\/wp-content\/uploads\/Papo6.jpg 300w, https:\/\/www.pressecommercecorp.com\/wp-content\/uploads\/Papo6.jpg 768w, https:\/\/www.pressecommercecorp.com\/wp-content\/uploads\/Papo6.jpg 1024w\" alt=\"PAPO\" width=\"1280\" height=\"800\" \/>\r\n<div class=\"portfolio-content\">\r\n<h6><a class=\"more-link\" title=\"Papo\" href=\"https:\/\/www.pcdistribution.ca\/en\/3-papo\" target=\"_blank\" rel=\"noopener noreferrer\">PAPO<\/a><\/h6>\r\n<p style=\"color: #fff; font-size: 12px; line-height: normal;\">Depuis plus de 25 ans, Papo ne cesse d\u2019innover et de faire r\u00eaver les enfants du monde entier avec une gamme riche de plus de 600 r\u00e9f\u00e9rences repr\u00e9sentant 12 univers animaliers et personnages&#8230;<\/p>\r\n<p><a class=\"more-link\" title=\"\u00ab\u00a0Papo\u00a0\u00bb\" href=\"https:\/\/www.pcdistribution.ca\/en\/3-papo\" target=\"_blank\" rel=\"noopener noreferrer\"> Read more<\/a><\/p>\r\n<\/div>\r\n<!-- end .portfolio-content --><\/div>\r\n<!-- end .four-column-full-width -->\r\n<div class=\"four-column-full-width freesia-animation zoomIn\" style=\"visibility: visible; animation-name: zoomIn;\">\r\n<div class=\"portfolio-content\">\r\n<p>&nbsp;<\/p>\r\n<\/div>\r\n<!-- end .portfolio-content --><\/div>\r\n<!-- end .four-column-full-width --><\/div>\r\n<!-- end .container --><\/section>\r\n<!-- end .widget_portfolio --><\/div>\r\n\r\n<p>&nbsp;<\/p>\r\n<!-- Client Widget ============================================= -->\r\n<section class=\"widget widget_client\">\r\n<div class=\"client-content wow fadeInUp\">\r\n<h4 class=\"widget-highlighted-sub-title\">OUR CLIENTS<\/h4>\r\n<div class=\"container\">\r\n<div class=\"min_slider\">\r\n<ul>\r\n<li><a title=\"Toy Factory\" href=\"https:\/\/www.toy-factory.ca\" target=\"_blank\" rel=\"noopener noreferrer\"> <img decoding=\"async\" src=\"https:\/\/www.pressecommercecorp.com\/wp-content\/uploads\/ToyFactory.jpg\" alt=\"Toy Factory\" \/> <\/a><\/li>\r\n<li><a title=\"BB\" href=\"https:\/\/biblairie.leslibraires.ca\" target=\"_blank\" rel=\"noopener noreferrer\"> <img decoding=\"async\" src=\"https:\/\/www.pressecommercecorp.com\/wp-content\/uploads\/BIBCCG.jpg\" alt=\"BIBCCG\" \/> <\/a><\/li>\r\n<li><a title=\"BB\" href=\"https:\/\/bb.ca\" target=\"_blank\" rel=\"noopener noreferrer\"> <img decoding=\"async\" src=\"https:\/\/www.pressecommercecorp.com\/wp-content\/uploads\/BraultB.jpg\" alt=\"Brault\" \/> <\/a><\/li>\r\n<li><a title=\"Buro Citation\" href=\"https:\/\/www.buroprocitation.ca\" target=\"_blank\" rel=\"noopener noreferrer\"> <img decoding=\"async\" src=\"https:\/\/www.pressecommercecorp.com\/wp-content\/uploads\/BuroproCit.jpg\" alt=\"Buropro Citation\" \/> <\/a><\/li>\r\n<li><a title=\"Dilly Dally\" href=\"https:\/\/dillydallykids.ca\" target=\"_blank\" rel=\"noopener noreferrer\"> <img decoding=\"async\" src=\"https:\/\/www.pressecommercecorp.com\/wp-content\/uploads\/LogoDillyDally.jpg\" alt=\"Dilly Dally\" \/> <\/a><\/li>\r\n<li><a title=\"Imaginaire\" href=\"https:\/\/imaginaire.com\/fr\/\" target=\"_blank\" rel=\"noopener noreferrer\"> <img decoding=\"async\" src=\"https:\/\/www.pressecommercecorp.com\/wp-content\/uploads\/Imaginaire.jpg\" alt=\"Imaginaire\" \/> <\/a><\/li>\r\n<li><a title=\"Medieval Times\" href=\"https:\/\/www.medievaltimes.com\" target=\"_blank\" rel=\"noopener noreferrer\"> <img decoding=\"async\" src=\"https:\/\/www.pressecommercecorp.com\/wp-content\/uploads\/MedievalTimes.jpg\" alt=\"Medieval Times\" \/> <\/a><\/li>\r\n<li><a title=\"Royal Tyrrell Museum\" href=\"https:\/\/tyrrellmuseum.com\" target=\"_blank\" rel=\"noopener noreferrer\"> <img decoding=\"async\" src=\"https:\/\/www.pressecommercecorp.com\/wp-content\/uploads\/RoyalTry.jpg\" alt=\"Royal Tyrrell\" \/> <\/a><\/li>\r\n<li><a title=\"Zoo Granby\" href=\"https:\/\/www.zoodegranby.com\" target=\"_blank\" rel=\"noopener noreferrer\"> <img decoding=\"async\" src=\"https:\/\/www.pressecommercecorp.com\/wp-content\/uploads\/ZooGranby.jpg\" alt=\"Zoo Granby\" \/> <\/a><\/li>\r\n<li><a title=\"Parc Safari\" href=\"https:\/\/parcsafari.com\" target=\"_blank\" rel=\"noopener noreferrer\"> <img decoding=\"async\" src=\"https:\/\/www.pressecommercecorp.com\/wp-content\/uploads\/ParcSafari.jpg\" alt=\"Parc Safari\" \/> <\/a><\/li>\r\n<li><a title=\"Musee\" href=\"https:\/\/pacmusee.qc.ca\/fr\/\" target=\"_blank\" rel=\"noopener noreferrer\"> <img decoding=\"async\" src=\"https:\/\/www.pressecommercecorp.com\/wp-content\/uploads\/MuseePointCallirere.jpg\" alt=\"Musee\" \/> <\/a><\/li>\r\n<li><a title=\"Miller Zoo\" href=\"https:\/\/millerzoo.ca\" target=\"_blank\" rel=\"noopener noreferrer\"> <img decoding=\"async\" src=\"https:\/\/www.pressecommercecorp.com\/wp-content\/uploads\/MillerZoo.jpg\" alt=\"Miller Zoo\" \/> <\/a><\/li>\r\n<li><a title=\"Les boutiques d'Espace pour la vie\" href=\"https:\/\/m.espacepourlavie.ca\/mobile\/boutiques\" target=\"_blank\" rel=\"noopener noreferrer\"> <img decoding=\"async\" src=\"https:\/\/www.pressecommercecorp.com\/wp-content\/uploads\/EspaceVieMTL.jpg\" alt=\"Les boutiques d'Espace pour la vie\" \/> <\/a><\/li>\r\n<li><a title=\"Des Serres\" href=\"https:\/\/www.deserres.ca\/fr\" target=\"_blank\" rel=\"noopener noreferrer\"> <img decoding=\"async\" src=\"https:\/\/www.pressecommercecorp.com\/wp-content\/uploads\/DeSerres.jpg\" alt=\"Des Serres\" \/> <\/a><\/li>\r\n<li><a title=\"Casa Loma\" href=\"https:\/\/casaloma.ca\" target=\"_blank\" rel=\"noopener noreferrer\"> <img decoding=\"async\" src=\"https:\/\/www.pressecommercecorp.com\/wp-content\/uploads\/CasaLoma.jpg\" alt=\"Casa Loma\" \/> <\/a><\/li>\r\n<li><a title=\"Aquarium du Qu\u00e9bec\" href=\"https:\/\/www.sepaq.com\/ct\/paq\/index.dot?language_id=2\" target=\"_blank\" rel=\"noopener noreferrer\"> <img decoding=\"async\" src=\"https:\/\/www.pressecommercecorp.com\/wp-content\/uploads\/AquariumQC.jpg\" alt=\"Aquarium du Qu\u00e9bec\" \/> <\/a><\/li>\r\n<\/ul>\r\n<\/div>\r\n<!-- end .min_slider --><\/div>\r\n<!-- end .container --><\/div>\r\n<!-- end .client-content --><\/section>\r\n<!-- end .widget_client --><!-- end #main -->\r\n\r\n\r\n<p>&nbsp;<\/p>\r\n<!-- Client Widget ============================================= -->\r\n<section class=\"widget widget_client\">\r\n<div class=\"client-content wow fadeInUp\">\r\n<h4 class=\"widget-highlighted-sub-title\">OUR PARTNERS<\/h4>\r\n<div class=\"container\">\r\n<div class=\"min_slider\">\r\n<ul style=\"margin-left: 0px;\">\r\n<li><a title=\"BS Toys\" href=\"https:\/\/bs-toys.com\" target=\"_blank\" rel=\"noopener noreferrer\"> <img decoding=\"async\" src=\"https:\/\/www.pressecommercecorp.com\/wp-content\/uploads\/BS300.jpg\" alt=\"BS Toys\" \/> <\/a><\/li>\r\n<li><a title=\"Soapsox\" href=\"https:\/\/soapsoxkids.com\" target=\"_blank\" rel=\"noopener noreferrer\"> <img decoding=\"async\" src=\"https:\/\/www.pressecommercecorp.com\/wp-content\/uploads\/soapsox300.jpg\" alt=\"Soapsox\" \/> <\/a><\/li>\r\n<li><a title=\"Egmont Toys\" href=\"http:\/\/www.egmonttoys.com\/en\/home\" target=\"_blank\" rel=\"noopener noreferrer\"> <img decoding=\"async\" src=\"https:\/\/www.pressecommercecorp.com\/wp-content\/uploads\/egmont300.jpg\" alt=\"Egmont Toys\" \/> <\/a><\/li>\r\n<li><a title=\"Les Deglingos\" href=\"https:\/\/www.deglingos.com\" target=\"_blank\" rel=\"noopener noreferrer\"> <img decoding=\"async\" src=\"https:\/\/www.pressecommercecorp.com\/wp-content\/uploads\/deglingos300.jpg\" alt=\"Les Deglingos\" \/> <\/a><\/li>\r\n<li><a title=\"Lindo\" href=\"https:\/\/www.lindoproducts.com\" target=\"_blank\" rel=\"noopener noreferrer\"> <img decoding=\"async\" src=\"https:\/\/www.pressecommercecorp.com\/wp-content\/uploads\/lindo300.jpg\" alt=\"Lindo\" \/> <\/a><\/li>\r\n<li><a title=\"Papo\" href=\"https:\/\/www.papo-france.com\/fr\/\" target=\"_blank\" rel=\"noopener noreferrer\"> <img decoding=\"async\" src=\"https:\/\/www.pressecommercecorp.com\/wp-content\/uploads\/papo300.jpg\" alt=\"Papo\" \/> <\/a><\/li>\r\n<li><a title=\"Liontouch\" href=\"https:\/\/www.liontouch.com\/en-us\/\" target=\"_blank\" rel=\"noopener noreferrer\"> <img decoding=\"async\" src=\"https:\/\/www.pressecommercecorp.com\/wp-content\/uploads\/liontouch300.jpg\" alt=\"Liontouch\" \/> <\/a><\/li>\r\n<li><a title=\"Le Toy Van\" href=\"https:\/\/letoyvan.com\" target=\"_blank\" rel=\"noopener noreferrer\"> <img decoding=\"async\" src=\"https:\/\/www.pressecommercecorp.com\/wp-content\/uploads\/ltv300.jpg\" alt=\"Le Toy Van\" \/> <\/a><\/li>\r\n<\/ul>\r\n<\/div>\r\n<!-- end .min_slider --><\/div>\r\n<!-- end .container --><\/div>\r\n<!-- end .client-content --><\/section>\r\n<!-- end .widget_client --><!-- end #main -->","protected":false},"excerpt":{"rendered":"<p>PRESSE COMMERCE DISTRIBUTION Presse Commerce Distribution (formerly D&#8217;Artagnan Distribution) was formed in 2004 to enhance the range of&hellip; <\/p>\n","protected":false},"author":1,"featured_media":812,"parent":0,"menu_order":0,"comment_status":"closed","ping_status":"closed","template":"","meta":{"_uag_custom_page_level_css":"","footnotes":""},"class_list":["post-120","page","type-page","status-publish","has-post-thumbnail","hentry","clearfix"],"uagb_featured_image_src":{"full":["https:\/\/www.pressecommercecorp.com\/en\/wp-content\/uploads\/sites\/2\/2024\/02\/PCDnew2024.jpg",1280,800,false],"thumbnail":["https:\/\/www.pressecommercecorp.com\/en\/wp-content\/uploads\/sites\/2\/2024\/02\/PCDnew2024-150x150.jpg",150,150,true],"medium":["https:\/\/www.pressecommercecorp.com\/en\/wp-content\/uploads\/sites\/2\/2024\/02\/PCDnew2024-300x188.jpg",300,188,true],"medium_large":["https:\/\/www.pressecommercecorp.com\/en\/wp-content\/uploads\/sites\/2\/2024\/02\/PCDnew2024-768x480.jpg",768,480,true],"large":["https:\/\/www.pressecommercecorp.com\/en\/wp-content\/uploads\/sites\/2\/2024\/02\/PCDnew2024-1024x640.jpg",790,494,true],"1536x1536":["https:\/\/www.pressecommercecorp.com\/en\/wp-content\/uploads\/sites\/2\/2024\/02\/PCDnew2024.jpg",1280,800,false],"2048x2048":["https:\/\/www.pressecommercecorp.com\/en\/wp-content\/uploads\/sites\/2\/2024\/02\/PCDnew2024.jpg",1280,800,false],"freesiaempire_slider_image":["https:\/\/www.pressecommercecorp.com\/en\/wp-content\/uploads\/sites\/2\/2024\/02\/PCDnew2024.jpg",1280,800,false]},"uagb_author_info":{"display_name":"Presse Commerce","author_link":"https:\/\/www.pressecommercecorp.com\/en\/author\/ggonye\/"},"uagb_comment_info":0,"uagb_excerpt":"PRESSE COMMERCE DISTRIBUTION Presse Commerce Distribution (formerly D&#8217;Artagnan Distribution) was formed in 2004 to enhance the range of&hellip;","_links":{"self":[{"href":"https:\/\/www.pressecommercecorp.com\/en\/wp-json\/wp\/v2\/pages\/120","targetHints":{"allow":["GET"]}}],"collection":[{"href":"https:\/\/www.pressecommercecorp.com\/en\/wp-json\/wp\/v2\/pages"}],"about":[{"href":"https:\/\/www.pressecommercecorp.com\/en\/wp-json\/wp\/v2\/types\/page"}],"author":[{"embeddable":true,"href":"https:\/\/www.pressecommercecorp.com\/en\/wp-json\/wp\/v2\/users\/1"}],"replies":[{"embeddable":true,"href":"https:\/\/www.pressecommercecorp.com\/en\/wp-json\/wp\/v2\/comments?post=120"}],"version-history":[{"count":54,"href":"https:\/\/www.pressecommercecorp.com\/en\/wp-json\/wp\/v2\/pages\/120\/revisions"}],"predecessor-version":[{"id":891,"href":"https:\/\/www.pressecommercecorp.com\/en\/wp-json\/wp\/v2\/pages\/120\/revisions\/891"}],"wp:featuredmedia":[{"embeddable":true,"href":"https:\/\/www.pressecommercecorp.com\/en\/wp-json\/wp\/v2\/media\/812"}],"wp:attachment":[{"href":"https:\/\/www.pressecommercecorp.com\/en\/wp-json\/wp\/v2\/media?parent=120"}],"curies":[{"name":"wp","href":"https:\/\/api.w.org\/{rel}","templated":true}]}}